{"id":1011,"date":"2024-03-21T14:24:30","date_gmt":"2024-03-21T14:24:30","guid":{"rendered":"https:\/\/agrosty.ro\/?page_id=1011"},"modified":"2024-04-04T19:56:21","modified_gmt":"2024-04-04T19:56:21","slug":"galerie","status":"publish","type":"page","link":"https:\/\/agrosty.ro\/en\/galerie\/","title":{"rendered":"Gallery"},"content":{"rendered":"<div data-elementor-type=\"wp-page\" data-elementor-id=\"1011\" class=\"elementor elementor-1011\">\n\t\t\t\t<div class=\"elementor-element elementor-element-595af53 e-flex e-con-boxed e-con e-parent\" data-id=\"595af53\" data-element_type=\"container\" data-e-type=\"container\">\n\t\t\t\t\t<div class=\"e-con-inner\">\n\t\t\t\t<div class=\"elementor-element elementor-element-91a5ea9 gallery-spacing-custom elementor-widget elementor-widget-image-gallery\" data-id=\"91a5ea9\" data-element_type=\"widget\" data-e-type=\"widget\" data-widget_type=\"image-gallery.default\">\n\t\t\t\t<div class=\"elementor-widget-container\">\n\t\t\t\t\t\t\t<div class=\"elementor-image-gallery\">\n\t\t\t<div id='gallery-1' class='gallery galleryid-1011 gallery-columns-3 gallery-size-full'><figure class='gallery-item'>\n\t\t\t<div class='gallery-icon landscape'>\n\t\t\t\t<a data-elementor-open-lightbox=\"yes\" data-elementor-lightbox-slideshow=\"91a5ea9\" data-elementor-lightbox-title=\"autobetoniera-3-optimized\" data-e-action-hash=\"#elementor-action%3Aaction%3Dlightbox%26settings%3DeyJpZCI6MTE2MywidXJsIjoiaHR0cHM6XC9cL2Fncm9zdHkucm9cL3dwLWNvbnRlbnRcL3VwbG9hZHNcLzIwMjRcLzAzXC80LTEucG5nIiwic2xpZGVzaG93IjoiOTFhNWVhOSJ9\" href='https:\/\/agrosty.ro\/wp-content\/uploads\/2024\/03\/4-1.png'><img fetchpriority=\"high\" decoding=\"async\" width=\"1600\" height=\"1066\" src=\"https:\/\/agrosty.ro\/wp-content\/uploads\/2024\/03\/4-1.png\" class=\"attachment-full size-full\" alt=\"Autobetoniera Fiori DB 560T\" srcset=\"https:\/\/agrosty.ro\/wp-content\/uploads\/2024\/03\/4-1.png 1600w, https:\/\/agrosty.ro\/wp-content\/uploads\/2024\/03\/4-1-600x400.png 600w, https:\/\/agrosty.ro\/wp-content\/uploads\/2024\/03\/4-1-300x200.png 300w, https:\/\/agrosty.ro\/wp-content\/uploads\/2024\/03\/4-1-1024x682.png 1024w, https:\/\/agrosty.ro\/wp-content\/uploads\/2024\/03\/4-1-768x512.png 768w, https:\/\/agrosty.ro\/wp-content\/uploads\/2024\/03\/4-1-1536x1023.png 1536w\" sizes=\"(max-width: 1600px) 100vw, 1600px\" \/><\/a>\n\t\t\t<\/div><\/figure><figure class='gallery-item'>\n\t\t\t<div class='gallery-icon landscape'>\n\t\t\t\t<a data-elementor-open-lightbox=\"yes\" data-elementor-lightbox-slideshow=\"91a5ea9\" data-elementor-lightbox-title=\"autobetoniera-2-optimized\" data-e-action-hash=\"#elementor-action%3Aaction%3Dlightbox%26settings%3DeyJpZCI6MTE2NCwidXJsIjoiaHR0cHM6XC9cL2Fncm9zdHkucm9cL3dwLWNvbnRlbnRcL3VwbG9hZHNcLzIwMjRcLzAzXC8zLnBuZyIsInNsaWRlc2hvdyI6IjkxYTVlYTkifQ%3D%3D\" href='https:\/\/agrosty.ro\/wp-content\/uploads\/2024\/03\/3.png'><img decoding=\"async\" width=\"1600\" height=\"1066\" src=\"https:\/\/agrosty.ro\/wp-content\/uploads\/2024\/03\/3.png\" class=\"attachment-full size-full\" alt=\"Autobetoniera Fiori DB 560T\" srcset=\"https:\/\/agrosty.ro\/wp-content\/uploads\/2024\/03\/3.png 1600w, https:\/\/agrosty.ro\/wp-content\/uploads\/2024\/03\/3-600x400.png 600w, https:\/\/agrosty.ro\/wp-content\/uploads\/2024\/03\/3-300x200.png 300w, https:\/\/agrosty.ro\/wp-content\/uploads\/2024\/03\/3-1024x682.png 1024w, https:\/\/agrosty.ro\/wp-content\/uploads\/2024\/03\/3-768x512.png 768w, https:\/\/agrosty.ro\/wp-content\/uploads\/2024\/03\/3-1536x1023.png 1536w\" sizes=\"(max-width: 1600px) 100vw, 1600px\" \/><\/a>\n\t\t\t<\/div><\/figure><figure class='gallery-item'>\n\t\t\t<div class='gallery-icon landscape'>\n\t\t\t\t<a data-elementor-open-lightbox=\"yes\" data-elementor-lightbox-slideshow=\"91a5ea9\" data-elementor-lightbox-title=\"autobetoniera-optimized\" data-e-action-hash=\"#elementor-action%3Aaction%3Dlightbox%26settings%3DeyJpZCI6MTE2NiwidXJsIjoiaHR0cHM6XC9cL2Fncm9zdHkucm9cL3dwLWNvbnRlbnRcL3VwbG9hZHNcLzIwMjRcLzAzXC8xLTEucG5nIiwic2xpZGVzaG93IjoiOTFhNWVhOSJ9\" href='https:\/\/agrosty.ro\/wp-content\/uploads\/2024\/03\/1-1.png'><img decoding=\"async\" width=\"1600\" height=\"1066\" src=\"https:\/\/agrosty.ro\/wp-content\/uploads\/2024\/03\/1-1.png\" class=\"attachment-full size-full\" alt=\"Autobetoniera Fiori DB 560T\" srcset=\"https:\/\/agrosty.ro\/wp-content\/uploads\/2024\/03\/1-1.png 1600w, https:\/\/agrosty.ro\/wp-content\/uploads\/2024\/03\/1-1-600x400.png 600w\" sizes=\"(max-width: 1600px) 100vw, 1600px\" \/><\/a>\n\t\t\t<\/div><\/figure><figure class='gallery-item'>\n\t\t\t<div class='gallery-icon landscape'>\n\t\t\t\t<a data-elementor-open-lightbox=\"yes\" data-elementor-lightbox-slideshow=\"91a5ea9\" data-elementor-lightbox-title=\"autobetoniera-1-optimized\" data-e-action-hash=\"#elementor-action%3Aaction%3Dlightbox%26settings%3DeyJpZCI6MTE2NSwidXJsIjoiaHR0cHM6XC9cL2Fncm9zdHkucm9cL3dwLWNvbnRlbnRcL3VwbG9hZHNcLzIwMjRcLzAzXC8yLTEucG5nIiwic2xpZGVzaG93IjoiOTFhNWVhOSJ9\" href='https:\/\/agrosty.ro\/wp-content\/uploads\/2024\/03\/2-1.png'><img loading=\"lazy\" decoding=\"async\" width=\"1600\" height=\"1066\" src=\"https:\/\/agrosty.ro\/wp-content\/uploads\/2024\/03\/2-1.png\" class=\"attachment-full size-full\" alt=\"Autobetoniera Fiori DB 560T\" srcset=\"https:\/\/agrosty.ro\/wp-content\/uploads\/2024\/03\/2-1.png 1600w, https:\/\/agrosty.ro\/wp-content\/uploads\/2024\/03\/2-1-600x400.png 600w, https:\/\/agrosty.ro\/wp-content\/uploads\/2024\/03\/2-1-300x200.png 300w, https:\/\/agrosty.ro\/wp-content\/uploads\/2024\/03\/2-1-1024x682.png 1024w, https:\/\/agrosty.ro\/wp-content\/uploads\/2024\/03\/2-1-768x512.png 768w, https:\/\/agrosty.ro\/wp-content\/uploads\/2024\/03\/2-1-1536x1023.png 1536w\" sizes=\"(max-width: 1600px) 100vw, 1600px\" \/><\/a>\n\t\t\t<\/div><\/figure><figure class='gallery-item'>\n\t\t\t<div class='gallery-icon landscape'>\n\t\t\t\t<a data-elementor-open-lightbox=\"yes\" data-elementor-lightbox-slideshow=\"91a5ea9\" data-elementor-lightbox-title=\"autobetoniera-5-optimized\" data-e-action-hash=\"#elementor-action%3Aaction%3Dlightbox%26settings%3DeyJpZCI6MTE2MCwidXJsIjoiaHR0cHM6XC9cL2Fncm9zdHkucm9cL3dwLWNvbnRlbnRcL3VwbG9hZHNcLzIwMjRcLzAzXC82LTEucG5nIiwic2xpZGVzaG93IjoiOTFhNWVhOSJ9\" href='https:\/\/agrosty.ro\/wp-content\/uploads\/2024\/03\/6-1.png'><img loading=\"lazy\" decoding=\"async\" width=\"1600\" height=\"1066\" src=\"https:\/\/agrosty.ro\/wp-content\/uploads\/2024\/03\/6-1.png\" class=\"attachment-full size-full\" alt=\"Autobetoniera Fiori DB 560T\" srcset=\"https:\/\/agrosty.ro\/wp-content\/uploads\/2024\/03\/6-1.png 1600w, https:\/\/agrosty.ro\/wp-content\/uploads\/2024\/03\/6-1-600x400.png 600w, https:\/\/agrosty.ro\/wp-content\/uploads\/2024\/03\/6-1-300x200.png 300w, https:\/\/agrosty.ro\/wp-content\/uploads\/2024\/03\/6-1-1024x682.png 1024w, https:\/\/agrosty.ro\/wp-content\/uploads\/2024\/03\/6-1-768x512.png 768w, https:\/\/agrosty.ro\/wp-content\/uploads\/2024\/03\/6-1-1536x1023.png 1536w\" sizes=\"(max-width: 1600px) 100vw, 1600px\" \/><\/a>\n\t\t\t<\/div><\/figure><figure class='gallery-item'>\n\t\t\t<div class='gallery-icon landscape'>\n\t\t\t\t<a data-elementor-open-lightbox=\"yes\" data-elementor-lightbox-slideshow=\"91a5ea9\" data-elementor-lightbox-title=\"autobetoniera-4-optimized\" data-e-action-hash=\"#elementor-action%3Aaction%3Dlightbox%26settings%3DeyJpZCI6MTE2MiwidXJsIjoiaHR0cHM6XC9cL2Fncm9zdHkucm9cL3dwLWNvbnRlbnRcL3VwbG9hZHNcLzIwMjRcLzAzXC81LTEucG5nIiwic2xpZGVzaG93IjoiOTFhNWVhOSJ9\" href='https:\/\/agrosty.ro\/wp-content\/uploads\/2024\/03\/5-1.png'><img loading=\"lazy\" decoding=\"async\" width=\"1600\" height=\"1066\" src=\"https:\/\/agrosty.ro\/wp-content\/uploads\/2024\/03\/5-1.png\" class=\"attachment-full size-full\" alt=\"Autobetoniera Fiori DB 560T\" srcset=\"https:\/\/agrosty.ro\/wp-content\/uploads\/2024\/03\/5-1.png 1600w, https:\/\/agrosty.ro\/wp-content\/uploads\/2024\/03\/5-1-600x400.png 600w, https:\/\/agrosty.ro\/wp-content\/uploads\/2024\/03\/5-1-300x200.png 300w, https:\/\/agrosty.ro\/wp-content\/uploads\/2024\/03\/5-1-1024x682.png 1024w, https:\/\/agrosty.ro\/wp-content\/uploads\/2024\/03\/5-1-768x512.png 768w, https:\/\/agrosty.ro\/wp-content\/uploads\/2024\/03\/5-1-1536x1023.png 1536w\" sizes=\"(max-width: 1600px) 100vw, 1600px\" \/><\/a>\n\t\t\t<\/div><\/figure><figure class='gallery-item'>\n\t\t\t<div class='gallery-icon landscape'>\n\t\t\t\t<a data-elementor-open-lightbox=\"yes\" data-elementor-lightbox-slideshow=\"91a5ea9\" data-elementor-lightbox-title=\"\u00eenc\u0103rc\u0103tor-frontal-10-optimized\" data-e-action-hash=\"#elementor-action%3Aaction%3Dlightbox%26settings%3DeyJpZCI6MTE1MCwidXJsIjoiaHR0cHM6XC9cL2Fncm9zdHkucm9cL3dwLWNvbnRlbnRcL3VwbG9hZHNcLzIwMjRcLzAzXC8xOC5wbmciLCJzbGlkZXNob3ciOiI5MWE1ZWE5In0%3D\" href='https:\/\/agrosty.ro\/wp-content\/uploads\/2024\/03\/18.png'><img loading=\"lazy\" decoding=\"async\" width=\"1600\" height=\"1066\" src=\"https:\/\/agrosty.ro\/wp-content\/uploads\/2024\/03\/18.png\" class=\"attachment-full size-full\" alt=\"\u00cenc\u0103rc\u0103tor frontal telescopic 5080T - Weidemann\" srcset=\"https:\/\/agrosty.ro\/wp-content\/uploads\/2024\/03\/18.png 1600w, https:\/\/agrosty.ro\/wp-content\/uploads\/2024\/03\/18-600x400.png 600w, https:\/\/agrosty.ro\/wp-content\/uploads\/2024\/03\/18-300x200.png 300w, https:\/\/agrosty.ro\/wp-content\/uploads\/2024\/03\/18-1024x682.png 1024w, https:\/\/agrosty.ro\/wp-content\/uploads\/2024\/03\/18-768x512.png 768w, https:\/\/agrosty.ro\/wp-content\/uploads\/2024\/03\/18-1536x1023.png 1536w\" sizes=\"(max-width: 1600px) 100vw, 1600px\" \/><\/a>\n\t\t\t<\/div><\/figure><figure class='gallery-item'>\n\t\t\t<div class='gallery-icon landscape'>\n\t\t\t\t<a data-elementor-open-lightbox=\"yes\" data-elementor-lightbox-slideshow=\"91a5ea9\" data-elementor-lightbox-title=\"\u00eenc\u0103rc\u0103tor-frontal-9-optimized\" data-e-action-hash=\"#elementor-action%3Aaction%3Dlightbox%26settings%3DeyJpZCI6MTE1MSwidXJsIjoiaHR0cHM6XC9cL2Fncm9zdHkucm9cL3dwLWNvbnRlbnRcL3VwbG9hZHNcLzIwMjRcLzAzXC8xNi5wbmciLCJzbGlkZXNob3ciOiI5MWE1ZWE5In0%3D\" href='https:\/\/agrosty.ro\/wp-content\/uploads\/2024\/03\/16.png'><img loading=\"lazy\" decoding=\"async\" width=\"1600\" height=\"1066\" src=\"https:\/\/agrosty.ro\/wp-content\/uploads\/2024\/03\/16.png\" class=\"attachment-full size-full\" alt=\"\u00cenc\u0103rc\u0103tor frontal telescopic 5080T - Weidemann\" srcset=\"https:\/\/agrosty.ro\/wp-content\/uploads\/2024\/03\/16.png 1600w, https:\/\/agrosty.ro\/wp-content\/uploads\/2024\/03\/16-600x400.png 600w, https:\/\/agrosty.ro\/wp-content\/uploads\/2024\/03\/16-300x200.png 300w, https:\/\/agrosty.ro\/wp-content\/uploads\/2024\/03\/16-1024x682.png 1024w, https:\/\/agrosty.ro\/wp-content\/uploads\/2024\/03\/16-768x512.png 768w, https:\/\/agrosty.ro\/wp-content\/uploads\/2024\/03\/16-1536x1023.png 1536w\" sizes=\"(max-width: 1600px) 100vw, 1600px\" \/><\/a>\n\t\t\t<\/div><\/figure><figure class='gallery-item'>\n\t\t\t<div class='gallery-icon landscape'>\n\t\t\t\t<a data-elementor-open-lightbox=\"yes\" data-elementor-lightbox-slideshow=\"91a5ea9\" data-elementor-lightbox-title=\"\u00eenc\u0103rc\u0103tor-frontal-7-optimized\" data-e-action-hash=\"#elementor-action%3Aaction%3Dlightbox%26settings%3DeyJpZCI6MTE1MywidXJsIjoiaHR0cHM6XC9cL2Fncm9zdHkucm9cL3dwLWNvbnRlbnRcL3VwbG9hZHNcLzIwMjRcLzAzXC8xNS5wbmciLCJzbGlkZXNob3ciOiI5MWE1ZWE5In0%3D\" href='https:\/\/agrosty.ro\/wp-content\/uploads\/2024\/03\/15.png'><img loading=\"lazy\" decoding=\"async\" width=\"1600\" height=\"1066\" src=\"https:\/\/agrosty.ro\/wp-content\/uploads\/2024\/03\/15.png\" class=\"attachment-full size-full\" alt=\"\u00cenc\u0103rc\u0103tor frontal telescopic 5080T - Weidemann\" srcset=\"https:\/\/agrosty.ro\/wp-content\/uploads\/2024\/03\/15.png 1600w, https:\/\/agrosty.ro\/wp-content\/uploads\/2024\/03\/15-600x400.png 600w, https:\/\/agrosty.ro\/wp-content\/uploads\/2024\/03\/15-300x200.png 300w, https:\/\/agrosty.ro\/wp-content\/uploads\/2024\/03\/15-1024x682.png 1024w, https:\/\/agrosty.ro\/wp-content\/uploads\/2024\/03\/15-768x512.png 768w, https:\/\/agrosty.ro\/wp-content\/uploads\/2024\/03\/15-1536x1023.png 1536w\" sizes=\"(max-width: 1600px) 100vw, 1600px\" \/><\/a>\n\t\t\t<\/div><\/figure><figure class='gallery-item'>\n\t\t\t<div class='gallery-icon landscape'>\n\t\t\t\t<a data-elementor-open-lightbox=\"yes\" data-elementor-lightbox-slideshow=\"91a5ea9\" data-elementor-lightbox-title=\"\u00eenc\u0103rc\u0103tor-frontal-8-optimized\" data-e-action-hash=\"#elementor-action%3Aaction%3Dlightbox%26settings%3DeyJpZCI6MTE1MiwidXJsIjoiaHR0cHM6XC9cL2Fncm9zdHkucm9cL3dwLWNvbnRlbnRcL3VwbG9hZHNcLzIwMjRcLzAzXC8xNy5wbmciLCJzbGlkZXNob3ciOiI5MWE1ZWE5In0%3D\" href='https:\/\/agrosty.ro\/wp-content\/uploads\/2024\/03\/17.png'><img loading=\"lazy\" decoding=\"async\" width=\"1600\" height=\"1066\" src=\"https:\/\/agrosty.ro\/wp-content\/uploads\/2024\/03\/17.png\" class=\"attachment-full size-full\" alt=\"\u00cenc\u0103rc\u0103tor frontal telescopic 5080T - Weidemann\" srcset=\"https:\/\/agrosty.ro\/wp-content\/uploads\/2024\/03\/17.png 1600w, https:\/\/agrosty.ro\/wp-content\/uploads\/2024\/03\/17-600x400.png 600w, https:\/\/agrosty.ro\/wp-content\/uploads\/2024\/03\/17-300x200.png 300w, https:\/\/agrosty.ro\/wp-content\/uploads\/2024\/03\/17-1024x682.png 1024w, https:\/\/agrosty.ro\/wp-content\/uploads\/2024\/03\/17-768x512.png 768w, https:\/\/agrosty.ro\/wp-content\/uploads\/2024\/03\/17-1536x1023.png 1536w\" sizes=\"(max-width: 1600px) 100vw, 1600px\" \/><\/a>\n\t\t\t<\/div><\/figure><figure class='gallery-item'>\n\t\t\t<div class='gallery-icon landscape'>\n\t\t\t\t<a data-elementor-open-lightbox=\"yes\" data-elementor-lightbox-slideshow=\"91a5ea9\" data-elementor-lightbox-title=\"\u00eenc\u0103rc\u0103tor-frontal-5-optimized\" data-e-action-hash=\"#elementor-action%3Aaction%3Dlightbox%26settings%3DeyJpZCI6MTE1NiwidXJsIjoiaHR0cHM6XC9cL2Fncm9zdHkucm9cL3dwLWNvbnRlbnRcL3VwbG9hZHNcLzIwMjRcLzAzXC8xMS0xLnBuZyIsInNsaWRlc2hvdyI6IjkxYTVlYTkifQ%3D%3D\" href='https:\/\/agrosty.ro\/wp-content\/uploads\/2024\/03\/11-1.png'><img loading=\"lazy\" decoding=\"async\" width=\"1600\" height=\"1066\" src=\"https:\/\/agrosty.ro\/wp-content\/uploads\/2024\/03\/11-1.png\" class=\"attachment-full size-full\" alt=\"\u00cenc\u0103rc\u0103tor frontal telescopic 5080T - Weidemann\" srcset=\"https:\/\/agrosty.ro\/wp-content\/uploads\/2024\/03\/11-1.png 1600w, https:\/\/agrosty.ro\/wp-content\/uploads\/2024\/03\/11-1-600x400.png 600w, https:\/\/agrosty.ro\/wp-content\/uploads\/2024\/03\/11-1-300x200.png 300w, https:\/\/agrosty.ro\/wp-content\/uploads\/2024\/03\/11-1-1024x682.png 1024w, https:\/\/agrosty.ro\/wp-content\/uploads\/2024\/03\/11-1-768x512.png 768w, https:\/\/agrosty.ro\/wp-content\/uploads\/2024\/03\/11-1-1536x1023.png 1536w\" sizes=\"(max-width: 1600px) 100vw, 1600px\" \/><\/a>\n\t\t\t<\/div><\/figure><figure class='gallery-item'>\n\t\t\t<div class='gallery-icon landscape'>\n\t\t\t\t<a data-elementor-open-lightbox=\"yes\" data-elementor-lightbox-slideshow=\"91a5ea9\" data-elementor-lightbox-title=\"\u00eenc\u0103rc\u0103tor-frontal-3-optimized\" data-e-action-hash=\"#elementor-action%3Aaction%3Dlightbox%26settings%3DeyJpZCI6MTE1OCwidXJsIjoiaHR0cHM6XC9cL2Fncm9zdHkucm9cL3dwLWNvbnRlbnRcL3VwbG9hZHNcLzIwMjRcLzAzXC85LTEucG5nIiwic2xpZGVzaG93IjoiOTFhNWVhOSJ9\" href='https:\/\/agrosty.ro\/wp-content\/uploads\/2024\/03\/9-1.png'><img loading=\"lazy\" decoding=\"async\" width=\"1600\" height=\"1066\" src=\"https:\/\/agrosty.ro\/wp-content\/uploads\/2024\/03\/9-1.png\" class=\"attachment-full size-full\" alt=\"\u00cenc\u0103rc\u0103tor frontal telescopic 5080T - Weidemann\" srcset=\"https:\/\/agrosty.ro\/wp-content\/uploads\/2024\/03\/9-1.png 1600w, https:\/\/agrosty.ro\/wp-content\/uploads\/2024\/03\/9-1-600x400.png 600w, https:\/\/agrosty.ro\/wp-content\/uploads\/2024\/03\/9-1-300x200.png 300w, https:\/\/agrosty.ro\/wp-content\/uploads\/2024\/03\/9-1-1024x682.png 1024w, https:\/\/agrosty.ro\/wp-content\/uploads\/2024\/03\/9-1-768x512.png 768w, https:\/\/agrosty.ro\/wp-content\/uploads\/2024\/03\/9-1-1536x1023.png 1536w\" sizes=\"(max-width: 1600px) 100vw, 1600px\" \/><\/a>\n\t\t\t<\/div><\/figure><figure class='gallery-item'>\n\t\t\t<div class='gallery-icon landscape'>\n\t\t\t\t<a data-elementor-open-lightbox=\"yes\" data-elementor-lightbox-slideshow=\"91a5ea9\" data-elementor-lightbox-title=\"\u00eenc\u0103rc\u0103tor-frontal-6-optimized\" data-e-action-hash=\"#elementor-action%3Aaction%3Dlightbox%26settings%3DeyJpZCI6MTE1NCwidXJsIjoiaHR0cHM6XC9cL2Fncm9zdHkucm9cL3dwLWNvbnRlbnRcL3VwbG9hZHNcLzIwMjRcLzAzXC8xMy0xLnBuZyIsInNsaWRlc2hvdyI6IjkxYTVlYTkifQ%3D%3D\" href='https:\/\/agrosty.ro\/wp-content\/uploads\/2024\/03\/13-1.png'><img loading=\"lazy\" decoding=\"async\" width=\"1600\" height=\"1066\" src=\"https:\/\/agrosty.ro\/wp-content\/uploads\/2024\/03\/13-1.png\" class=\"attachment-full size-full\" alt=\"\u00cenc\u0103rc\u0103tor frontal telescopic 5080T - Weidemann\" srcset=\"https:\/\/agrosty.ro\/wp-content\/uploads\/2024\/03\/13-1.png 1600w, https:\/\/agrosty.ro\/wp-content\/uploads\/2024\/03\/13-1-600x400.png 600w, https:\/\/agrosty.ro\/wp-content\/uploads\/2024\/03\/13-1-300x200.png 300w, https:\/\/agrosty.ro\/wp-content\/uploads\/2024\/03\/13-1-1024x682.png 1024w, https:\/\/agrosty.ro\/wp-content\/uploads\/2024\/03\/13-1-768x512.png 768w, https:\/\/agrosty.ro\/wp-content\/uploads\/2024\/03\/13-1-1536x1023.png 1536w\" sizes=\"(max-width: 1600px) 100vw, 1600px\" \/><\/a>\n\t\t\t<\/div><\/figure><figure class='gallery-item'>\n\t\t\t<div class='gallery-icon landscape'>\n\t\t\t\t<a data-elementor-open-lightbox=\"yes\" data-elementor-lightbox-slideshow=\"91a5ea9\" data-elementor-lightbox-title=\"\u00eenc\u0103rc\u0103tor-frontal-4-optimized\" data-e-action-hash=\"#elementor-action%3Aaction%3Dlightbox%26settings%3DeyJpZCI6MTE1NywidXJsIjoiaHR0cHM6XC9cL2Fncm9zdHkucm9cL3dwLWNvbnRlbnRcL3VwbG9hZHNcLzIwMjRcLzAzXC8xMi0xLnBuZyIsInNsaWRlc2hvdyI6IjkxYTVlYTkifQ%3D%3D\" href='https:\/\/agrosty.ro\/wp-content\/uploads\/2024\/03\/12-1.png'><img loading=\"lazy\" decoding=\"async\" width=\"1600\" height=\"1066\" src=\"https:\/\/agrosty.ro\/wp-content\/uploads\/2024\/03\/12-1.png\" class=\"attachment-full size-full\" alt=\"\u00cenc\u0103rc\u0103tor frontal telescopic 5080T - Weidemann\" srcset=\"https:\/\/agrosty.ro\/wp-content\/uploads\/2024\/03\/12-1.png 1600w, https:\/\/agrosty.ro\/wp-content\/uploads\/2024\/03\/12-1-600x400.png 600w, https:\/\/agrosty.ro\/wp-content\/uploads\/2024\/03\/12-1-300x200.png 300w, https:\/\/agrosty.ro\/wp-content\/uploads\/2024\/03\/12-1-1024x682.png 1024w, https:\/\/agrosty.ro\/wp-content\/uploads\/2024\/03\/12-1-768x512.png 768w, https:\/\/agrosty.ro\/wp-content\/uploads\/2024\/03\/12-1-1536x1023.png 1536w\" sizes=\"(max-width: 1600px) 100vw, 1600px\" \/><\/a>\n\t\t\t<\/div><\/figure><figure class='gallery-item'>\n\t\t\t<div class='gallery-icon landscape'>\n\t\t\t\t<a data-elementor-open-lightbox=\"yes\" data-elementor-lightbox-slideshow=\"91a5ea9\" data-elementor-lightbox-title=\"\u00eenc\u0103rc\u0103tor-frontal-6-optimized\" data-e-action-hash=\"#elementor-action%3Aaction%3Dlightbox%26settings%3DeyJpZCI6MTE1NSwidXJsIjoiaHR0cHM6XC9cL2Fncm9zdHkucm9cL3dwLWNvbnRlbnRcL3VwbG9hZHNcLzIwMjRcLzAzXC8xNC5wbmciLCJzbGlkZXNob3ciOiI5MWE1ZWE5In0%3D\" href='https:\/\/agrosty.ro\/wp-content\/uploads\/2024\/03\/14.png'><img loading=\"lazy\" decoding=\"async\" width=\"1600\" height=\"1066\" src=\"https:\/\/agrosty.ro\/wp-content\/uploads\/2024\/03\/14.png\" class=\"attachment-full size-full\" alt=\"\u00cenc\u0103rc\u0103tor frontal telescopic 5080T - Weidemann\" srcset=\"https:\/\/agrosty.ro\/wp-content\/uploads\/2024\/03\/14.png 1600w, https:\/\/agrosty.ro\/wp-content\/uploads\/2024\/03\/14-600x400.png 600w, https:\/\/agrosty.ro\/wp-content\/uploads\/2024\/03\/14-300x200.png 300w, https:\/\/agrosty.ro\/wp-content\/uploads\/2024\/03\/14-1024x682.png 1024w, https:\/\/agrosty.ro\/wp-content\/uploads\/2024\/03\/14-768x512.png 768w, https:\/\/agrosty.ro\/wp-content\/uploads\/2024\/03\/14-1536x1023.png 1536w\" sizes=\"(max-width: 1600px) 100vw, 1600px\" \/><\/a>\n\t\t\t<\/div><\/figure><figure class='gallery-item'>\n\t\t\t<div class='gallery-icon landscape'>\n\t\t\t\t<a data-elementor-open-lightbox=\"yes\" data-elementor-lightbox-slideshow=\"91a5ea9\" data-elementor-lightbox-title=\"\u00eenc\u0103rc\u0103tor-frontal-2-optimized\" data-e-action-hash=\"#elementor-action%3Aaction%3Dlightbox%26settings%3DeyJpZCI6MTE1OSwidXJsIjoiaHR0cHM6XC9cL2Fncm9zdHkucm9cL3dwLWNvbnRlbnRcL3VwbG9hZHNcLzIwMjRcLzAzXC84LTEucG5nIiwic2xpZGVzaG93IjoiOTFhNWVhOSJ9\" href='https:\/\/agrosty.ro\/wp-content\/uploads\/2024\/03\/8-1.png'><img loading=\"lazy\" decoding=\"async\" width=\"1600\" height=\"1066\" src=\"https:\/\/agrosty.ro\/wp-content\/uploads\/2024\/03\/8-1.png\" class=\"attachment-full size-full\" alt=\"\u00cenc\u0103rc\u0103tor frontal telescopic 5080T - Weidemann\" srcset=\"https:\/\/agrosty.ro\/wp-content\/uploads\/2024\/03\/8-1.png 1600w, https:\/\/agrosty.ro\/wp-content\/uploads\/2024\/03\/8-1-600x400.png 600w, https:\/\/agrosty.ro\/wp-content\/uploads\/2024\/03\/8-1-300x200.png 300w, https:\/\/agrosty.ro\/wp-content\/uploads\/2024\/03\/8-1-1024x682.png 1024w, https:\/\/agrosty.ro\/wp-content\/uploads\/2024\/03\/8-1-768x512.png 768w, https:\/\/agrosty.ro\/wp-content\/uploads\/2024\/03\/8-1-1536x1023.png 1536w\" sizes=\"(max-width: 1600px) 100vw, 1600px\" \/><\/a>\n\t\t\t<\/div><\/figure><figure class='gallery-item'>\n\t\t\t<div class='gallery-icon landscape'>\n\t\t\t\t<a data-elementor-open-lightbox=\"yes\" data-elementor-lightbox-slideshow=\"91a5ea9\" data-elementor-lightbox-title=\"\u00eenc\u0103rc\u0103tor-frontal-1-optimized\" data-e-action-hash=\"#elementor-action%3Aaction%3Dlightbox%26settings%3DeyJpZCI6MTE2MSwidXJsIjoiaHR0cHM6XC9cL2Fncm9zdHkucm9cL3dwLWNvbnRlbnRcL3VwbG9hZHNcLzIwMjRcLzAzXC83LTEucG5nIiwic2xpZGVzaG93IjoiOTFhNWVhOSJ9\" href='https:\/\/agrosty.ro\/wp-content\/uploads\/2024\/03\/7-1.png'><img loading=\"lazy\" decoding=\"async\" width=\"1600\" height=\"1066\" src=\"https:\/\/agrosty.ro\/wp-content\/uploads\/2024\/03\/7-1.png\" class=\"attachment-full size-full\" alt=\"\u00cenc\u0103rc\u0103tor frontal telescopic 5080T - Weidemann\" srcset=\"https:\/\/agrosty.ro\/wp-content\/uploads\/2024\/03\/7-1.png 1600w, https:\/\/agrosty.ro\/wp-content\/uploads\/2024\/03\/7-1-600x400.png 600w, https:\/\/agrosty.ro\/wp-content\/uploads\/2024\/03\/7-1-300x200.png 300w, https:\/\/agrosty.ro\/wp-content\/uploads\/2024\/03\/7-1-1024x682.png 1024w, https:\/\/agrosty.ro\/wp-content\/uploads\/2024\/03\/7-1-768x512.png 768w, https:\/\/agrosty.ro\/wp-content\/uploads\/2024\/03\/7-1-1536x1023.png 1536w\" sizes=\"(max-width: 1600px) 100vw, 1600px\" \/><\/a>\n\t\t\t<\/div><\/figure>\n\t\t<\/div>\n\t\t<\/div>\n\t\t\t\t\t\t<\/div>\n\t\t\t\t<\/div>\n\t\t\t\t\t<\/div>\n\t\t\t\t<\/div>\n\t\t\t\t<\/div>","protected":false},"excerpt":{"rendered":"","protected":false},"author":1,"featured_media":0,"parent":0,"menu_order":0,"comment_status":"closed","ping_status":"closed","template":"","meta":{"_monsterinsights_skip_tracking":false,"_monsterinsights_sitenote_active":false,"_monsterinsights_sitenote_note":"","_monsterinsights_sitenote_category":0,"footnotes":""},"class_list":["post-1011","page","type-page","status-publish","hentry"],"blocksy_meta":[],"aioseo_notices":[],"_links":{"self":[{"href":"https:\/\/agrosty.ro\/en\/wp-json\/wp\/v2\/pages\/1011","targetHints":{"allow":["GET"]}}],"collection":[{"href":"https:\/\/agrosty.ro\/en\/wp-json\/wp\/v2\/pages"}],"about":[{"href":"https:\/\/agrosty.ro\/en\/wp-json\/wp\/v2\/types\/page"}],"author":[{"embeddable":true,"href":"https:\/\/agrosty.ro\/en\/wp-json\/wp\/v2\/users\/1"}],"replies":[{"embeddable":true,"href":"https:\/\/agrosty.ro\/en\/wp-json\/wp\/v2\/comments?post=1011"}],"version-history":[{"count":22,"href":"https:\/\/agrosty.ro\/en\/wp-json\/wp\/v2\/pages\/1011\/revisions"}],"predecessor-version":[{"id":1459,"href":"https:\/\/agrosty.ro\/en\/wp-json\/wp\/v2\/pages\/1011\/revisions\/1459"}],"wp:attachment":[{"href":"https:\/\/agrosty.ro\/en\/wp-json\/wp\/v2\/media?parent=1011"}],"curies":[{"name":"wp","href":"https:\/\/api.w.org\/{rel}","templated":true}]}}